{"id":2435,"date":"2026-01-11T14:10:00","date_gmt":"2026-01-11T13:10:00","guid":{"rendered":"https:\/\/aureamemories.comercioperemaria.com\/?post_type=product&#038;p=2435"},"modified":"2026-01-29T19:06:37","modified_gmt":"2026-01-29T18:06:37","slug":"camisetas-algodon-aurea-memories","status":"publish","type":"product","link":"https:\/\/aureamemories.comercioperemaria.com\/en\/product\/camisetas-algodon-aurea-memories\/","title":{"rendered":"Camisetas \u00c1urea Memories"},"content":{"rendered":"<p data-start=\"170\" data-end=\"740\">Las <strong data-start=\"174\" data-end=\"213\">camisetas de algod\u00f3n \u00c1urea Memories<\/strong> est\u00e1n dise\u00f1adas para ofrecer <strong data-start=\"243\" data-end=\"278\">comodidad, estilo y durabilidad<\/strong>, convirti\u00e9ndose en una prenda imprescindible para cualquier momento del d\u00eda. Fabricadas en <a href=\"https:\/\/sirocografia.com\/serigrafia-ropa\/?gad_source=1&amp;gad_campaignid=22195920708&amp;gbraid=0AAAAACzc8YQ4QAKuWnB3agwV8P0c6MznG&amp;gclid=Cj0KCQiAp-zLBhDkARIsABcYc6selX4JvWstNWMwBlwDK5U8NSWHOh8RZxNKiBxEJe5DaZTkKq6kEwoaAtmoEALw_wcB\"><strong data-start=\"370\" data-end=\"402\">algod\u00f3n 100% de alta calidad<\/strong><\/a>, estas camisetas proporcionan un tacto suave y agradable sobre la piel, manteniendo su forma y color incluso despu\u00e9s de m\u00faltiples lavados. Cada camiseta luce de manera elegante y visible el <strong data-start=\"593\" data-end=\"619\">logo de \u00c1urea Memories<\/strong>, reflejando nuestra filosof\u00eda de conectar con los recuerdos y experiencias que hacen \u00fanicos a cada momento de la vida.<\/p>\n<p data-start=\"742\" data-end=\"1047\">Disponibles en <strong data-start=\"757\" data-end=\"784\">una variedad de colores<\/strong>, estas camisetas permiten expresar tu personalidad y estilo mientras muestras tu afinidad con nuestra marca. Su <strong data-start=\"897\" data-end=\"925\">corte cl\u00e1sico y vers\u00e1til<\/strong> se adapta a todos los cuerpos y garantiza libertad de movimiento, combinando funcionalidad y dise\u00f1o de forma armoniosa.<\/p>\n<p data-start=\"1049\" data-end=\"1534\">Perfectas para regalar, para uso diario o para acompa\u00f1ar a quienes disfrutan de las experiencias inmersivas que ofrecemos, las camisetas \u00c1urea Memories se convierten en una extensi\u00f3n tangible de nuestra identidad: comodidad, cuidado en los detalles y conexi\u00f3n con lo que realmente importa. Ya sea que quieras <strong data-start=\"1358\" data-end=\"1442\">revivir recuerdos, compartir momentos especiales o simplemente vestir con estilo<\/strong>, estas camisetas son la elecci\u00f3n ideal para llevar un pedacito de \u00c1urea Memories contigo.<\/p>","protected":false},"excerpt":{"rendered":"<p>Las <strong data-start=\"4\" data-end=\"43\">camisetas de algod\u00f3n \u00c1urea Memories<\/strong> combinan comodidad, estilo y durabilidad, con un tacto suave y agradable. Llevan nuestro <strong data-start=\"133\" data-end=\"152\">logo distintivo<\/strong> y est\u00e1n disponibles en varios colores, adapt\u00e1ndose a todos los cuerpos. Perfectas para uso diario, regalar o mostrar tu conexi\u00f3n con la esencia de \u00c1urea Memories.<\/p>","protected":false},"featured_media":2465,"comment_status":"open","ping_status":"closed","template":"","meta":[],"product_brand":[],"product_cat":[183],"product_tag":[],"class_list":{"0":"post-2435","1":"product","2":"type-product","3":"status-publish","4":"has-post-thumbnail","6":"product_cat-ropa","8":"first","9":"instock","10":"sale","11":"taxable","12":"shipping-taxable","13":"purchasable","14":"product-type-variable"},"yoast_head":"<!-- This site is optimized with the Yoast SEO plugin v27.4 - https:\/\/yoast.com\/product\/yoast-seo-wordpress\/ -->\n<title>Camisetas de algod\u00f3n \u00c1urea Memories<\/title>\n<meta name=\"description\" content=\"Camisetas de algod\u00f3n en distintos colores y tallas. Suaves, c\u00f3modas y perfectas para cualquier ocasi\u00f3n.\" \/>\n<meta name=\"robots\" content=\"index, follow, max-snippet:-1, max-image-preview:large, max-video-preview:-1\" \/>\n<link rel=\"canonical\" href=\"https:\/\/aureamemories.comercioperemaria.com\/en\/product\/camisetas-algodon-aurea-memories\/\" \/>\n<meta property=\"og:locale\" content=\"en_GB\" \/>\n<meta property=\"og:type\" content=\"article\" \/>\n<meta property=\"og:title\" content=\"Camisetas de algod\u00f3n \u00c1urea Memories\" \/>\n<meta property=\"og:description\" content=\"Camisetas de algod\u00f3n en distintos colores y tallas. Suaves, c\u00f3modas y perfectas para cualquier ocasi\u00f3n.\" \/>\n<meta property=\"og:url\" content=\"https:\/\/aureamemories.comercioperemaria.com\/en\/product\/camisetas-algodon-aurea-memories\/\" \/>\n<meta property=\"og:site_name\" content=\"\u00c1urea Memories\" \/>\n<meta property=\"article:modified_time\" content=\"2026-01-29T18:06:37+00:00\" \/>\n<meta property=\"og:image\" content=\"https:\/\/aureamemories.comercioperemaria.com\/wp-content\/uploads\/2026\/01\/20260110_1618_Image-Generation_remix_01kem7r6k4f4tbz7fnrrd5x705.png\" \/>\n\t<meta property=\"og:image:width\" content=\"1536\" \/>\n\t<meta property=\"og:image:height\" content=\"1024\" \/>\n\t<meta property=\"og:image:type\" content=\"image\/png\" \/>\n<meta name=\"twitter:card\" content=\"summary_large_image\" \/>\n<meta name=\"twitter:label1\" content=\"Estimated reading time\" \/>\n\t<meta name=\"twitter:data1\" content=\"2 minutes\" \/>\n<script type=\"application\/ld+json\" class=\"yoast-schema-graph\">{\"@context\":\"https:\\\/\\\/schema.org\",\"@graph\":[{\"@type\":\"WebPage\",\"@id\":\"https:\\\/\\\/aureamemories.comercioperemaria.com\\\/product\\\/camisetas-algodon-aurea-memories\\\/\",\"url\":\"https:\\\/\\\/aureamemories.comercioperemaria.com\\\/product\\\/camisetas-algodon-aurea-memories\\\/\",\"name\":\"Camisetas de algod\u00f3n \u00c1urea Memories\",\"isPartOf\":{\"@id\":\"https:\\\/\\\/aureamemories.comercioperemaria.com\\\/#website\"},\"primaryImageOfPage\":{\"@id\":\"https:\\\/\\\/aureamemories.comercioperemaria.com\\\/product\\\/camisetas-algodon-aurea-memories\\\/#primaryimage\"},\"image\":{\"@id\":\"https:\\\/\\\/aureamemories.comercioperemaria.com\\\/product\\\/camisetas-algodon-aurea-memories\\\/#primaryimage\"},\"thumbnailUrl\":\"https:\\\/\\\/aureamemories.comercioperemaria.com\\\/wp-content\\\/uploads\\\/2026\\\/01\\\/20260110_1618_Image-Generation_remix_01kem7r6k4f4tbz7fnrrd5x705.png\",\"datePublished\":\"2026-01-11T13:10:00+00:00\",\"dateModified\":\"2026-01-29T18:06:37+00:00\",\"description\":\"Camisetas de algod\u00f3n en distintos colores y tallas. Suaves, c\u00f3modas y perfectas para cualquier ocasi\u00f3n.\",\"breadcrumb\":{\"@id\":\"https:\\\/\\\/aureamemories.comercioperemaria.com\\\/product\\\/camisetas-algodon-aurea-memories\\\/#breadcrumb\"},\"inLanguage\":\"en-GB\",\"potentialAction\":[{\"@type\":\"ReadAction\",\"target\":[\"https:\\\/\\\/aureamemories.comercioperemaria.com\\\/product\\\/camisetas-algodon-aurea-memories\\\/\"]}]},{\"@type\":\"ImageObject\",\"inLanguage\":\"en-GB\",\"@id\":\"https:\\\/\\\/aureamemories.comercioperemaria.com\\\/product\\\/camisetas-algodon-aurea-memories\\\/#primaryimage\",\"url\":\"https:\\\/\\\/aureamemories.comercioperemaria.com\\\/wp-content\\\/uploads\\\/2026\\\/01\\\/20260110_1618_Image-Generation_remix_01kem7r6k4f4tbz7fnrrd5x705.png\",\"contentUrl\":\"https:\\\/\\\/aureamemories.comercioperemaria.com\\\/wp-content\\\/uploads\\\/2026\\\/01\\\/20260110_1618_Image-Generation_remix_01kem7r6k4f4tbz7fnrrd5x705.png\",\"width\":1536,\"height\":1024,\"caption\":\"Camisetas \u00c1urea Memories\"},{\"@type\":\"BreadcrumbList\",\"@id\":\"https:\\\/\\\/aureamemories.comercioperemaria.com\\\/product\\\/camisetas-algodon-aurea-memories\\\/#breadcrumb\",\"itemListElement\":[{\"@type\":\"ListItem\",\"position\":1,\"name\":\"Portada\",\"item\":\"https:\\\/\\\/aureamemories.comercioperemaria.com\\\/\"},{\"@type\":\"ListItem\",\"position\":2,\"name\":\"Productos\",\"item\":\"https:\\\/\\\/aureamemories.comercioperemaria.com\\\/shop\\\/\"},{\"@type\":\"ListItem\",\"position\":3,\"name\":\"Camisetas \u00c1urea Memories\"}]},{\"@type\":\"WebSite\",\"@id\":\"https:\\\/\\\/aureamemories.comercioperemaria.com\\\/#website\",\"url\":\"https:\\\/\\\/aureamemories.comercioperemaria.com\\\/\",\"name\":\"\u00c1urea Memories\",\"description\":\"\",\"publisher\":{\"@id\":\"https:\\\/\\\/aureamemories.comercioperemaria.com\\\/#organization\"},\"potentialAction\":[{\"@type\":\"SearchAction\",\"target\":{\"@type\":\"EntryPoint\",\"urlTemplate\":\"https:\\\/\\\/aureamemories.comercioperemaria.com\\\/?s={search_term_string}\"},\"query-input\":{\"@type\":\"PropertyValueSpecification\",\"valueRequired\":true,\"valueName\":\"search_term_string\"}}],\"inLanguage\":\"en-GB\"},{\"@type\":\"Organization\",\"@id\":\"https:\\\/\\\/aureamemories.comercioperemaria.com\\\/#organization\",\"name\":\"\u00c1urea Memories\",\"url\":\"https:\\\/\\\/aureamemories.comercioperemaria.com\\\/\",\"logo\":{\"@type\":\"ImageObject\",\"inLanguage\":\"en-GB\",\"@id\":\"https:\\\/\\\/aureamemories.comercioperemaria.com\\\/#\\\/schema\\\/logo\\\/image\\\/\",\"url\":\"https:\\\/\\\/aureamemories.comercioperemaria.com\\\/wp-content\\\/uploads\\\/2021\\\/05\\\/logo-regular-001-free-img.png\",\"contentUrl\":\"https:\\\/\\\/aureamemories.comercioperemaria.com\\\/wp-content\\\/uploads\\\/2021\\\/05\\\/logo-regular-001-free-img.png\",\"width\":192,\"height\":137,\"caption\":\"\u00c1urea Memories\"},\"image\":{\"@id\":\"https:\\\/\\\/aureamemories.comercioperemaria.com\\\/#\\\/schema\\\/logo\\\/image\\\/\"}}]}<\/script>\n<!-- \/ Yoast SEO plugin. -->","yoast_head_json":{"title":"Camisetas de algod\u00f3n \u00c1urea Memories","description":"Camisetas de algod\u00f3n en distintos colores y tallas. Suaves, c\u00f3modas y perfectas para cualquier ocasi\u00f3n.","robots":{"index":"index","follow":"follow","max-snippet":"max-snippet:-1","max-image-preview":"max-image-preview:large","max-video-preview":"max-video-preview:-1"},"canonical":"https:\/\/aureamemories.comercioperemaria.com\/en\/product\/camisetas-algodon-aurea-memories\/","og_locale":"en_GB","og_type":"article","og_title":"Camisetas de algod\u00f3n \u00c1urea Memories","og_description":"Camisetas de algod\u00f3n en distintos colores y tallas. Suaves, c\u00f3modas y perfectas para cualquier ocasi\u00f3n.","og_url":"https:\/\/aureamemories.comercioperemaria.com\/en\/product\/camisetas-algodon-aurea-memories\/","og_site_name":"\u00c1urea Memories","article_modified_time":"2026-01-29T18:06:37+00:00","og_image":[{"width":1536,"height":1024,"url":"https:\/\/aureamemories.comercioperemaria.com\/wp-content\/uploads\/2026\/01\/20260110_1618_Image-Generation_remix_01kem7r6k4f4tbz7fnrrd5x705.png","type":"image\/png"}],"twitter_card":"summary_large_image","twitter_misc":{"Estimated reading time":"2 minutes"},"schema":{"@context":"https:\/\/schema.org","@graph":[{"@type":"WebPage","@id":"https:\/\/aureamemories.comercioperemaria.com\/product\/camisetas-algodon-aurea-memories\/","url":"https:\/\/aureamemories.comercioperemaria.com\/product\/camisetas-algodon-aurea-memories\/","name":"Camisetas de algod\u00f3n \u00c1urea Memories","isPartOf":{"@id":"https:\/\/aureamemories.comercioperemaria.com\/#website"},"primaryImageOfPage":{"@id":"https:\/\/aureamemories.comercioperemaria.com\/product\/camisetas-algodon-aurea-memories\/#primaryimage"},"image":{"@id":"https:\/\/aureamemories.comercioperemaria.com\/product\/camisetas-algodon-aurea-memories\/#primaryimage"},"thumbnailUrl":"https:\/\/aureamemories.comercioperemaria.com\/wp-content\/uploads\/2026\/01\/20260110_1618_Image-Generation_remix_01kem7r6k4f4tbz7fnrrd5x705.png","datePublished":"2026-01-11T13:10:00+00:00","dateModified":"2026-01-29T18:06:37+00:00","description":"Camisetas de algod\u00f3n en distintos colores y tallas. Suaves, c\u00f3modas y perfectas para cualquier ocasi\u00f3n.","breadcrumb":{"@id":"https:\/\/aureamemories.comercioperemaria.com\/product\/camisetas-algodon-aurea-memories\/#breadcrumb"},"inLanguage":"en-GB","potentialAction":[{"@type":"ReadAction","target":["https:\/\/aureamemories.comercioperemaria.com\/product\/camisetas-algodon-aurea-memories\/"]}]},{"@type":"ImageObject","inLanguage":"en-GB","@id":"https:\/\/aureamemories.comercioperemaria.com\/product\/camisetas-algodon-aurea-memories\/#primaryimage","url":"https:\/\/aureamemories.comercioperemaria.com\/wp-content\/uploads\/2026\/01\/20260110_1618_Image-Generation_remix_01kem7r6k4f4tbz7fnrrd5x705.png","contentUrl":"https:\/\/aureamemories.comercioperemaria.com\/wp-content\/uploads\/2026\/01\/20260110_1618_Image-Generation_remix_01kem7r6k4f4tbz7fnrrd5x705.png","width":1536,"height":1024,"caption":"Camisetas \u00c1urea Memories"},{"@type":"BreadcrumbList","@id":"https:\/\/aureamemories.comercioperemaria.com\/product\/camisetas-algodon-aurea-memories\/#breadcrumb","itemListElement":[{"@type":"ListItem","position":1,"name":"Portada","item":"https:\/\/aureamemories.comercioperemaria.com\/"},{"@type":"ListItem","position":2,"name":"Productos","item":"https:\/\/aureamemories.comercioperemaria.com\/shop\/"},{"@type":"ListItem","position":3,"name":"Camisetas \u00c1urea Memories"}]},{"@type":"WebSite","@id":"https:\/\/aureamemories.comercioperemaria.com\/#website","url":"https:\/\/aureamemories.comercioperemaria.com\/","name":"\u00c1urea Memories","description":"","publisher":{"@id":"https:\/\/aureamemories.comercioperemaria.com\/#organization"},"potentialAction":[{"@type":"SearchAction","target":{"@type":"EntryPoint","urlTemplate":"https:\/\/aureamemories.comercioperemaria.com\/?s={search_term_string}"},"query-input":{"@type":"PropertyValueSpecification","valueRequired":true,"valueName":"search_term_string"}}],"inLanguage":"en-GB"},{"@type":"Organization","@id":"https:\/\/aureamemories.comercioperemaria.com\/#organization","name":"\u00c1urea Memories","url":"https:\/\/aureamemories.comercioperemaria.com\/","logo":{"@type":"ImageObject","inLanguage":"en-GB","@id":"https:\/\/aureamemories.comercioperemaria.com\/#\/schema\/logo\/image\/","url":"https:\/\/aureamemories.comercioperemaria.com\/wp-content\/uploads\/2021\/05\/logo-regular-001-free-img.png","contentUrl":"https:\/\/aureamemories.comercioperemaria.com\/wp-content\/uploads\/2021\/05\/logo-regular-001-free-img.png","width":192,"height":137,"caption":"\u00c1urea Memories"},"image":{"@id":"https:\/\/aureamemories.comercioperemaria.com\/#\/schema\/logo\/image\/"}}]}},"_links":{"self":[{"href":"https:\/\/aureamemories.comercioperemaria.com\/en\/wp-json\/wp\/v2\/product\/2435","targetHints":{"allow":["GET"]}}],"collection":[{"href":"https:\/\/aureamemories.comercioperemaria.com\/en\/wp-json\/wp\/v2\/product"}],"about":[{"href":"https:\/\/aureamemories.comercioperemaria.com\/en\/wp-json\/wp\/v2\/types\/product"}],"replies":[{"embeddable":true,"href":"https:\/\/aureamemories.comercioperemaria.com\/en\/wp-json\/wp\/v2\/comments?post=2435"}],"wp:featuredmedia":[{"embeddable":true,"href":"https:\/\/aureamemories.comercioperemaria.com\/en\/wp-json\/wp\/v2\/media\/2465"}],"wp:attachment":[{"href":"https:\/\/aureamemories.comercioperemaria.com\/en\/wp-json\/wp\/v2\/media?parent=2435"}],"wp:term":[{"taxonomy":"product_brand","embeddable":true,"href":"https:\/\/aureamemories.comercioperemaria.com\/en\/wp-json\/wp\/v2\/product_brand?post=2435"},{"taxonomy":"product_cat","embeddable":true,"href":"https:\/\/aureamemories.comercioperemaria.com\/en\/wp-json\/wp\/v2\/product_cat?post=2435"},{"taxonomy":"product_tag","embeddable":true,"href":"https:\/\/aureamemories.comercioperemaria.com\/en\/wp-json\/wp\/v2\/product_tag?post=2435"}],"curies":[{"name":"wp","href":"https:\/\/api.w.org\/{rel}","templated":true}]}}