{"id":2467,"date":"2026-01-11T17:50:15","date_gmt":"2026-01-11T16:50:15","guid":{"rendered":"https:\/\/aureamemories.comercioperemaria.com\/?post_type=product&#038;p=2467"},"modified":"2026-01-29T18:39:19","modified_gmt":"2026-01-29T17:39:19","slug":"gorras-aurea-memories","status":"publish","type":"product","link":"https:\/\/aureamemories.comercioperemaria.com\/en\/product\/gorras-aurea-memories\/","title":{"rendered":"Gorras \u00c1urea Memories"},"content":{"rendered":"<p data-start=\"137\" data-end=\"595\">Las <strong data-start=\"141\" data-end=\"166\">gorras \u00c1urea Memories<\/strong> combinan estilo, comodidad y funcionalidad, convirti\u00e9ndose en un accesorio imprescindible para el d\u00eda a d\u00eda. Fabricadas con materiales de alta calidad, ofrecen un tacto suave, transpirabilidad y resistencia, manteniendo su forma incluso despu\u00e9s de un uso prolongado. Cada gorra lleva el <strong data-start=\"454\" data-end=\"480\">logo de \u00c1urea Memories<\/strong> bordado de forma elegante, reflejando nuestra filosof\u00eda de revivir recuerdos y conectar con experiencias \u00fanicas.<\/p>\n<p data-start=\"597\" data-end=\"1121\">Disponibles en <strong data-start=\"612\" data-end=\"635\">variedad de colores<\/strong>, estas gorras permiten expresar tu estilo personal mientras luces la esencia de nuestra marca. Su dise\u00f1o cl\u00e1sico con visera curva y ajuste trasero regulable garantiza un ajuste perfecto para diferentes tama\u00f1os de cabeza, proporcionando confort y protecci\u00f3n solar al mismo tiempo. Ideales para uso diario, actividades al aire libre o para complementar tu look casual, las gorras \u00c1urea Memories son un accesorio vers\u00e1til que combina moda, comodidad y la conexi\u00f3n con nuestra identidad.<\/p>","protected":false},"excerpt":{"rendered":"<p>Las <strong data-start=\"1191\" data-end=\"1216\">gorras \u00c1urea Memories<\/strong> son c\u00f3modas, resistentes y ajustables, con el <strong data-start=\"1263\" data-end=\"1279\">logo bordado<\/strong> y disponibles en varios colores. Perfectas para uso diario, actividades al aire libre o como accesorio casual que refleja tu conexi\u00f3n con nuestra marca.<\/p>","protected":false},"featured_media":2485,"comment_status":"open","ping_status":"closed","template":"","meta":[],"product_brand":[],"product_cat":[183],"product_tag":[],"class_list":{"0":"post-2467","1":"product","2":"type-product","3":"status-publish","4":"has-post-thumbnail","6":"product_cat-ropa","8":"first","9":"instock","10":"sale","11":"taxable","12":"shipping-taxable","13":"purchasable","14":"product-type-variable"},"yoast_head":"<!-- This site is optimized with the Yoast SEO plugin v27.4 - https:\/\/yoast.com\/product\/yoast-seo-wordpress\/ -->\n<title>Gorras \u00c1urea Memories<\/title>\n<meta name=\"description\" content=\"Descubre las gorras Aurea Memories: comodidad, buen dise\u00f1o y calidad pensadas para acompa\u00f1arte siempre. Escoge la que mejor se adapte a ti .\" \/>\n<meta name=\"robots\" content=\"index, follow, max-snippet:-1, max-image-preview:large, max-video-preview:-1\" \/>\n<link rel=\"canonical\" href=\"https:\/\/aureamemories.comercioperemaria.com\/en\/product\/gorras-aurea-memories\/\" \/>\n<meta property=\"og:locale\" content=\"en_GB\" \/>\n<meta property=\"og:type\" content=\"article\" \/>\n<meta property=\"og:title\" content=\"Gorras \u00c1urea Memories\" \/>\n<meta property=\"og:description\" content=\"Descubre las gorras Aurea Memories: comodidad, buen dise\u00f1o y calidad pensadas para acompa\u00f1arte siempre. Escoge la que mejor se adapte a ti .\" \/>\n<meta property=\"og:url\" content=\"https:\/\/aureamemories.comercioperemaria.com\/en\/product\/gorras-aurea-memories\/\" \/>\n<meta property=\"og:site_name\" content=\"\u00c1urea Memories\" \/>\n<meta property=\"article:modified_time\" content=\"2026-01-29T17:39:19+00:00\" \/>\n<meta property=\"og:image\" content=\"https:\/\/aureamemories.comercioperemaria.com\/wp-content\/uploads\/2026\/01\/20260110_1625_Logo-en-Gorras-Coloridas_remix_01kem83zxtf7gtmt2vzc5r3m03.png\" \/>\n\t<meta property=\"og:image:width\" content=\"1536\" \/>\n\t<meta property=\"og:image:height\" content=\"1024\" \/>\n\t<meta property=\"og:image:type\" content=\"image\/png\" \/>\n<meta name=\"twitter:card\" content=\"summary_large_image\" \/>\n<meta name=\"twitter:label1\" content=\"Estimated reading time\" \/>\n\t<meta name=\"twitter:data1\" content=\"1 minute\" \/>\n<script type=\"application\/ld+json\" class=\"yoast-schema-graph\">{\"@context\":\"https:\\\/\\\/schema.org\",\"@graph\":[{\"@type\":\"WebPage\",\"@id\":\"https:\\\/\\\/aureamemories.comercioperemaria.com\\\/product\\\/gorras-aurea-memories\\\/\",\"url\":\"https:\\\/\\\/aureamemories.comercioperemaria.com\\\/product\\\/gorras-aurea-memories\\\/\",\"name\":\"Gorras \u00c1urea Memories\",\"isPartOf\":{\"@id\":\"https:\\\/\\\/aureamemories.comercioperemaria.com\\\/#website\"},\"primaryImageOfPage\":{\"@id\":\"https:\\\/\\\/aureamemories.comercioperemaria.com\\\/product\\\/gorras-aurea-memories\\\/#primaryimage\"},\"image\":{\"@id\":\"https:\\\/\\\/aureamemories.comercioperemaria.com\\\/product\\\/gorras-aurea-memories\\\/#primaryimage\"},\"thumbnailUrl\":\"https:\\\/\\\/aureamemories.comercioperemaria.com\\\/wp-content\\\/uploads\\\/2026\\\/01\\\/20260110_1625_Logo-en-Gorras-Coloridas_remix_01kem83zxtf7gtmt2vzc5r3m03.png\",\"datePublished\":\"2026-01-11T16:50:15+00:00\",\"dateModified\":\"2026-01-29T17:39:19+00:00\",\"description\":\"Descubre las gorras Aurea Memories: comodidad, buen dise\u00f1o y calidad pensadas para acompa\u00f1arte siempre. Escoge la que mejor se adapte a ti .\",\"breadcrumb\":{\"@id\":\"https:\\\/\\\/aureamemories.comercioperemaria.com\\\/product\\\/gorras-aurea-memories\\\/#breadcrumb\"},\"inLanguage\":\"en-GB\",\"potentialAction\":[{\"@type\":\"ReadAction\",\"target\":[\"https:\\\/\\\/aureamemories.comercioperemaria.com\\\/product\\\/gorras-aurea-memories\\\/\"]}]},{\"@type\":\"ImageObject\",\"inLanguage\":\"en-GB\",\"@id\":\"https:\\\/\\\/aureamemories.comercioperemaria.com\\\/product\\\/gorras-aurea-memories\\\/#primaryimage\",\"url\":\"https:\\\/\\\/aureamemories.comercioperemaria.com\\\/wp-content\\\/uploads\\\/2026\\\/01\\\/20260110_1625_Logo-en-Gorras-Coloridas_remix_01kem83zxtf7gtmt2vzc5r3m03.png\",\"contentUrl\":\"https:\\\/\\\/aureamemories.comercioperemaria.com\\\/wp-content\\\/uploads\\\/2026\\\/01\\\/20260110_1625_Logo-en-Gorras-Coloridas_remix_01kem83zxtf7gtmt2vzc5r3m03.png\",\"width\":1536,\"height\":1024,\"caption\":\"Gorras \u00c1urea Memories\"},{\"@type\":\"BreadcrumbList\",\"@id\":\"https:\\\/\\\/aureamemories.comercioperemaria.com\\\/product\\\/gorras-aurea-memories\\\/#breadcrumb\",\"itemListElement\":[{\"@type\":\"ListItem\",\"position\":1,\"name\":\"Portada\",\"item\":\"https:\\\/\\\/aureamemories.comercioperemaria.com\\\/\"},{\"@type\":\"ListItem\",\"position\":2,\"name\":\"Productos\",\"item\":\"https:\\\/\\\/aureamemories.comercioperemaria.com\\\/shop\\\/\"},{\"@type\":\"ListItem\",\"position\":3,\"name\":\"Gorras \u00c1urea Memories\"}]},{\"@type\":\"WebSite\",\"@id\":\"https:\\\/\\\/aureamemories.comercioperemaria.com\\\/#website\",\"url\":\"https:\\\/\\\/aureamemories.comercioperemaria.com\\\/\",\"name\":\"\u00c1urea Memories\",\"description\":\"\",\"publisher\":{\"@id\":\"https:\\\/\\\/aureamemories.comercioperemaria.com\\\/#organization\"},\"potentialAction\":[{\"@type\":\"SearchAction\",\"target\":{\"@type\":\"EntryPoint\",\"urlTemplate\":\"https:\\\/\\\/aureamemories.comercioperemaria.com\\\/?s={search_term_string}\"},\"query-input\":{\"@type\":\"PropertyValueSpecification\",\"valueRequired\":true,\"valueName\":\"search_term_string\"}}],\"inLanguage\":\"en-GB\"},{\"@type\":\"Organization\",\"@id\":\"https:\\\/\\\/aureamemories.comercioperemaria.com\\\/#organization\",\"name\":\"\u00c1urea Memories\",\"url\":\"https:\\\/\\\/aureamemories.comercioperemaria.com\\\/\",\"logo\":{\"@type\":\"ImageObject\",\"inLanguage\":\"en-GB\",\"@id\":\"https:\\\/\\\/aureamemories.comercioperemaria.com\\\/#\\\/schema\\\/logo\\\/image\\\/\",\"url\":\"https:\\\/\\\/aureamemories.comercioperemaria.com\\\/wp-content\\\/uploads\\\/2021\\\/05\\\/logo-regular-001-free-img.png\",\"contentUrl\":\"https:\\\/\\\/aureamemories.comercioperemaria.com\\\/wp-content\\\/uploads\\\/2021\\\/05\\\/logo-regular-001-free-img.png\",\"width\":192,\"height\":137,\"caption\":\"\u00c1urea Memories\"},\"image\":{\"@id\":\"https:\\\/\\\/aureamemories.comercioperemaria.com\\\/#\\\/schema\\\/logo\\\/image\\\/\"}}]}<\/script>\n<!-- \/ Yoast SEO plugin. -->","yoast_head_json":{"title":"Gorras \u00c1urea Memories","description":"Descubre las gorras Aurea Memories: comodidad, buen dise\u00f1o y calidad pensadas para acompa\u00f1arte siempre. Escoge la que mejor se adapte a ti .","robots":{"index":"index","follow":"follow","max-snippet":"max-snippet:-1","max-image-preview":"max-image-preview:large","max-video-preview":"max-video-preview:-1"},"canonical":"https:\/\/aureamemories.comercioperemaria.com\/en\/product\/gorras-aurea-memories\/","og_locale":"en_GB","og_type":"article","og_title":"Gorras \u00c1urea Memories","og_description":"Descubre las gorras Aurea Memories: comodidad, buen dise\u00f1o y calidad pensadas para acompa\u00f1arte siempre. Escoge la que mejor se adapte a ti .","og_url":"https:\/\/aureamemories.comercioperemaria.com\/en\/product\/gorras-aurea-memories\/","og_site_name":"\u00c1urea Memories","article_modified_time":"2026-01-29T17:39:19+00:00","og_image":[{"width":1536,"height":1024,"url":"https:\/\/aureamemories.comercioperemaria.com\/wp-content\/uploads\/2026\/01\/20260110_1625_Logo-en-Gorras-Coloridas_remix_01kem83zxtf7gtmt2vzc5r3m03.png","type":"image\/png"}],"twitter_card":"summary_large_image","twitter_misc":{"Estimated reading time":"1 minute"},"schema":{"@context":"https:\/\/schema.org","@graph":[{"@type":"WebPage","@id":"https:\/\/aureamemories.comercioperemaria.com\/product\/gorras-aurea-memories\/","url":"https:\/\/aureamemories.comercioperemaria.com\/product\/gorras-aurea-memories\/","name":"Gorras \u00c1urea Memories","isPartOf":{"@id":"https:\/\/aureamemories.comercioperemaria.com\/#website"},"primaryImageOfPage":{"@id":"https:\/\/aureamemories.comercioperemaria.com\/product\/gorras-aurea-memories\/#primaryimage"},"image":{"@id":"https:\/\/aureamemories.comercioperemaria.com\/product\/gorras-aurea-memories\/#primaryimage"},"thumbnailUrl":"https:\/\/aureamemories.comercioperemaria.com\/wp-content\/uploads\/2026\/01\/20260110_1625_Logo-en-Gorras-Coloridas_remix_01kem83zxtf7gtmt2vzc5r3m03.png","datePublished":"2026-01-11T16:50:15+00:00","dateModified":"2026-01-29T17:39:19+00:00","description":"Descubre las gorras Aurea Memories: comodidad, buen dise\u00f1o y calidad pensadas para acompa\u00f1arte siempre. Escoge la que mejor se adapte a ti .","breadcrumb":{"@id":"https:\/\/aureamemories.comercioperemaria.com\/product\/gorras-aurea-memories\/#breadcrumb"},"inLanguage":"en-GB","potentialAction":[{"@type":"ReadAction","target":["https:\/\/aureamemories.comercioperemaria.com\/product\/gorras-aurea-memories\/"]}]},{"@type":"ImageObject","inLanguage":"en-GB","@id":"https:\/\/aureamemories.comercioperemaria.com\/product\/gorras-aurea-memories\/#primaryimage","url":"https:\/\/aureamemories.comercioperemaria.com\/wp-content\/uploads\/2026\/01\/20260110_1625_Logo-en-Gorras-Coloridas_remix_01kem83zxtf7gtmt2vzc5r3m03.png","contentUrl":"https:\/\/aureamemories.comercioperemaria.com\/wp-content\/uploads\/2026\/01\/20260110_1625_Logo-en-Gorras-Coloridas_remix_01kem83zxtf7gtmt2vzc5r3m03.png","width":1536,"height":1024,"caption":"Gorras \u00c1urea Memories"},{"@type":"BreadcrumbList","@id":"https:\/\/aureamemories.comercioperemaria.com\/product\/gorras-aurea-memories\/#breadcrumb","itemListElement":[{"@type":"ListItem","position":1,"name":"Portada","item":"https:\/\/aureamemories.comercioperemaria.com\/"},{"@type":"ListItem","position":2,"name":"Productos","item":"https:\/\/aureamemories.comercioperemaria.com\/shop\/"},{"@type":"ListItem","position":3,"name":"Gorras \u00c1urea Memories"}]},{"@type":"WebSite","@id":"https:\/\/aureamemories.comercioperemaria.com\/#website","url":"https:\/\/aureamemories.comercioperemaria.com\/","name":"\u00c1urea Memories","description":"","publisher":{"@id":"https:\/\/aureamemories.comercioperemaria.com\/#organization"},"potentialAction":[{"@type":"SearchAction","target":{"@type":"EntryPoint","urlTemplate":"https:\/\/aureamemories.comercioperemaria.com\/?s={search_term_string}"},"query-input":{"@type":"PropertyValueSpecification","valueRequired":true,"valueName":"search_term_string"}}],"inLanguage":"en-GB"},{"@type":"Organization","@id":"https:\/\/aureamemories.comercioperemaria.com\/#organization","name":"\u00c1urea Memories","url":"https:\/\/aureamemories.comercioperemaria.com\/","logo":{"@type":"ImageObject","inLanguage":"en-GB","@id":"https:\/\/aureamemories.comercioperemaria.com\/#\/schema\/logo\/image\/","url":"https:\/\/aureamemories.comercioperemaria.com\/wp-content\/uploads\/2021\/05\/logo-regular-001-free-img.png","contentUrl":"https:\/\/aureamemories.comercioperemaria.com\/wp-content\/uploads\/2021\/05\/logo-regular-001-free-img.png","width":192,"height":137,"caption":"\u00c1urea Memories"},"image":{"@id":"https:\/\/aureamemories.comercioperemaria.com\/#\/schema\/logo\/image\/"}}]}},"_links":{"self":[{"href":"https:\/\/aureamemories.comercioperemaria.com\/en\/wp-json\/wp\/v2\/product\/2467","targetHints":{"allow":["GET"]}}],"collection":[{"href":"https:\/\/aureamemories.comercioperemaria.com\/en\/wp-json\/wp\/v2\/product"}],"about":[{"href":"https:\/\/aureamemories.comercioperemaria.com\/en\/wp-json\/wp\/v2\/types\/product"}],"replies":[{"embeddable":true,"href":"https:\/\/aureamemories.comercioperemaria.com\/en\/wp-json\/wp\/v2\/comments?post=2467"}],"wp:featuredmedia":[{"embeddable":true,"href":"https:\/\/aureamemories.comercioperemaria.com\/en\/wp-json\/wp\/v2\/media\/2485"}],"wp:attachment":[{"href":"https:\/\/aureamemories.comercioperemaria.com\/en\/wp-json\/wp\/v2\/media?parent=2467"}],"wp:term":[{"taxonomy":"product_brand","embeddable":true,"href":"https:\/\/aureamemories.comercioperemaria.com\/en\/wp-json\/wp\/v2\/product_brand?post=2467"},{"taxonomy":"product_cat","embeddable":true,"href":"https:\/\/aureamemories.comercioperemaria.com\/en\/wp-json\/wp\/v2\/product_cat?post=2467"},{"taxonomy":"product_tag","embeddable":true,"href":"https:\/\/aureamemories.comercioperemaria.com\/en\/wp-json\/wp\/v2\/product_tag?post=2467"}],"curies":[{"name":"wp","href":"https:\/\/api.w.org\/{rel}","templated":true}]}}